{"id":26,"date":"2015-11-30T16:47:55","date_gmt":"2015-11-30T16:47:55","guid":{"rendered":"http:\/\/lexan.si\/?page_id=26"},"modified":"2015-12-07T20:29:18","modified_gmt":"2015-12-07T20:29:18","slug":"lexan","status":"publish","type":"page","link":"https:\/\/lexan.si\/","title":{"rendered":"Lexan"},"content":{"rendered":"<p>&nbsp;<\/p>\n<p><a href=\"http:\/\/lexan.si\/wp-content\/uploads\/2015\/11\/lexanlogo.png\"><img loading=\"lazy\" decoding=\"async\" class=\"alignnone size-medium wp-image-104\" src=\"http:\/\/lexan.si\/wp-content\/uploads\/2015\/11\/lexanlogo-300x97.png\" alt=\"lexanlogo\" width=\"300\" height=\"97\" srcset=\"https:\/\/lexan.si\/wp-content\/uploads\/2015\/11\/lexanlogo-300x97.png 300w, https:\/\/lexan.si\/wp-content\/uploads\/2015\/11\/lexanlogo-230x74.png 230w, https:\/\/lexan.si\/wp-content\/uploads\/2015\/11\/lexanlogo-350x113.png 350w, https:\/\/lexan.si\/wp-content\/uploads\/2015\/11\/lexanlogo.png 380w\" sizes=\"auto, (max-width: 300px) 100vw, 300px\" \/><\/a><\/p>\n<p>&nbsp;<\/p>\n<p><strong>LEXAN polikarbonat<\/strong> je termoplasti\u010den polimer, material, ki zdru\u017euje visoko stopnjo mehanskih, opti\u010dnih in toplotnih lastnosti.<\/p>\n<p>SABIC IP je pod blagovno znamko LEXAN razvil \u0161irok nabor polikarbonatnih plo\u0161\u010d, ki vklju\u010duje mnogo <em>struktur<\/em>, <em>barv<\/em> vse od <em>polnih, ve\u010dslojnih<\/em> plo\u0161\u010d in <em>sistemov<\/em>:<\/p>\n<p>&nbsp;<\/p>\n<ul style=\"list-style-type: circle; font-size: 20px; line-height: 200%;\">\n<li><a href=\"http:\/\/lexan.si\/?page_id=15\"><strong>Ve\u010dslojne plo\u0161\u010de<\/strong> za nadstre\u0161ke, strehe, rastlinjake, pregradne stene &#8230;<\/a><\/li>\n<li><a href=\"http:\/\/lexan.si\/?page_id=20\"><strong>Enoslojne<\/strong> <strong>plo\u0161\u010de<\/strong> za kuple, nadstre\u0161ke, varnostne zastelitve, za\u0161\u010dite strojev, ograje &#8230;<\/a><\/li>\n<li><a href=\"http:\/\/lexan.si\/?page_id=24\">Lexan Thermoclick <strong>sistemi<\/strong> za stene in fasade<\/a><\/li>\n<li><a href=\"http:\/\/lexan.si\/?page_id=22\"><strong>Lexan filmi<\/strong> za elektronsko in avtomobilsko industrijo, tisk, ogla\u0161evanje &#8230;<\/a><\/li>\n<\/ul>\n<p>&nbsp;<\/p>\n<p>Polikarbonat je primeren za \u0161irok spekter aplikacij kot so na primer sestavni deli v elektronski in telekomunikacijski industriji, za proizvodnjo CD-jev in DVD-jev, v reklamni industriji, v avtomobilski in letalski industriji, za medicinski pripomo\u010dke, protistrelne in protivlomne za\u0161\u010dite, za korekcijske in son\u010dne le\u010de na o\u010dalih, za\u0161\u010ditne vizirje na \u010deladah vseh vrst, policijske \u0161\u010dite, za\u0161\u010dite strojev, deli displejev elektonskih ali gospodinjskih naprav, prenosne ra\u010dunalnike, monitorje in LCD\/LED televizorje in nenezadnje tudi v gradbeni industriji, ki je drugi najve\u010dji porabnik polikarbonata, za nadstre\u0161ke, strehe stadionov, svetlobne trakove in kupole, rastlinjake, predelne stene, strehe bazenov, protihrupne ograje \u2026.<\/p>\n","protected":false},"excerpt":{"rendered":"<p>&nbsp; &nbsp; LEXAN polikarbonat je termoplasti\u010den polimer, material, ki zdru\u017euje visoko stopnjo mehanskih, opti\u010dnih in toplotnih lastnosti. SABIC IP je pod blagovno znamko LEXAN razvil \u0161irok nabor polikarbonatnih plo\u0161\u010d, ki vklju\u010duje mnogo struktur, barv vse od polnih, ve\u010dslojnih plo\u0161\u010d in sistemov: &nbsp; Ve\u010dslojne plo\u0161\u010de za nadstre\u0161ke, strehe, rastlinjake, pregradne stene &#8230; Enoslojne plo\u0161\u010de za kuple, [&hellip;]<\/p>\n","protected":false},"author":1,"featured_media":0,"parent":0,"menu_order":0,"comment_status":"closed","ping_status":"closed","template":"","meta":{"footnotes":""},"class_list":["post-26","page","type-page","status-publish","hentry"],"_links":{"self":[{"href":"https:\/\/lexan.si\/index.php?rest_route=\/wp\/v2\/pages\/26","targetHints":{"allow":["GET"]}}],"collection":[{"href":"https:\/\/lexan.si\/index.php?rest_route=\/wp\/v2\/pages"}],"about":[{"href":"https:\/\/lexan.si\/index.php?rest_route=\/wp\/v2\/types\/page"}],"author":[{"embeddable":true,"href":"https:\/\/lexan.si\/index.php?rest_route=\/wp\/v2\/users\/1"}],"replies":[{"embeddable":true,"href":"https:\/\/lexan.si\/index.php?rest_route=%2Fwp%2Fv2%2Fcomments&post=26"}],"version-history":[{"count":21,"href":"https:\/\/lexan.si\/index.php?rest_route=\/wp\/v2\/pages\/26\/revisions"}],"predecessor-version":[{"id":132,"href":"https:\/\/lexan.si\/index.php?rest_route=\/wp\/v2\/pages\/26\/revisions\/132"}],"wp:attachment":[{"href":"https:\/\/lexan.si\/index.php?rest_route=%2Fwp%2Fv2%2Fmedia&parent=26"}],"curies":[{"name":"wp","href":"https:\/\/api.w.org\/{rel}","templated":true}]}}